{"id":827,"date":"2022-05-16T15:23:08","date_gmt":"2022-05-16T13:23:08","guid":{"rendered":"https:\/\/morganelouisgobin.com\/?page_id=827"},"modified":"2025-06-30T11:31:37","modified_gmt":"2025-06-30T09:31:37","slug":"modelage","status":"publish","type":"page","link":"https:\/\/morganelouisgobin.com\/index.php\/modelage\/","title":{"rendered":"Stages de modelage de l&rsquo;argile"},"content":{"rendered":"\n<h5 class=\"wp-block-heading has-text-color\" style=\"color:#198c8d\">STAGE DE MODELAGE pendant les vacances scolaires (Et\u00e9, No\u00ebl, Hiver): fabrication de pi\u00e8ce(s) personnelle(s) en 3 heures <\/h5>\n\n\n\n<p><strong>Informations et inscriptions<\/strong> : 07 63 93 16 09 ou <a href=\"mailto:morgane@morganelouisgobin.com\">envoyer un mail<\/a><\/p>\n\n\n\n<p>Agenda des <a href=\"https:\/\/morganelouisgobin.com\/index.php\/programme-des-animations\/\" target=\"_blank\" rel=\"noreferrer noopener\">prochaines dates ici<\/a><\/p>\n\n\n\n<div class=\"wp-block-media-text alignwide has-media-on-the-right is-stacked-on-mobile\" style=\"grid-template-columns:auto 69%\"><div class=\"wp-block-media-text__content\">\n<p>Pour petits et grands, \u00e0 partir de 6 ans<\/p>\n\n\n\n<p>4 participants maximum<\/p>\n\n\n\n<p><strong>Tarif<\/strong><\/p>\n\n\n\n<ul class=\"wp-block-list\">\n<li>1\/2 journ\u00e9e (3h) : 65 \u20ac <\/li>\n\n\n\n<li>1 journ\u00e9e (6h) : 115\u20ac <\/li>\n\n\n\n<li>S\u00e9ance suppl. : 50 \u20ac<\/li>\n<\/ul>\n<\/div><figure class=\"wp-block-media-text__media\"><img loading=\"lazy\" decoding=\"async\" width=\"1024\" height=\"819\" src=\"https:\/\/morganelouisgobin.com\/wp-content\/uploads\/2025\/06\/MORGANE8LOUIS_GOBIN_stage_modelage_argile-1024x819.png\" alt=\"\" class=\"wp-image-3433 size-full\" srcset=\"https:\/\/morganelouisgobin.com\/wp-content\/uploads\/2025\/06\/MORGANE8LOUIS_GOBIN_stage_modelage_argile-1024x819.png 1024w, https:\/\/morganelouisgobin.com\/wp-content\/uploads\/2025\/06\/MORGANE8LOUIS_GOBIN_stage_modelage_argile-300x240.png 300w, https:\/\/morganelouisgobin.com\/wp-content\/uploads\/2025\/06\/MORGANE8LOUIS_GOBIN_stage_modelage_argile-768x614.png 768w, https:\/\/morganelouisgobin.com\/wp-content\/uploads\/2025\/06\/MORGANE8LOUIS_GOBIN_stage_modelage_argile-1536x1229.png 1536w, https:\/\/morganelouisgobin.com\/wp-content\/uploads\/2025\/06\/MORGANE8LOUIS_GOBIN_stage_modelage_argile.png 2000w\" sizes=\"auto, (max-width: 1024px) 100vw, 1024px\" \/><\/figure><\/div>\n\n\n\n<p>Fabrication de pi\u00e8ces en c\u00e9ramique personnelles : pinc\u00e9, plaque, colombin, d\u00e9cor \u00e0 l&rsquo;engobe, gravure, estampage\u2026Max. 4 stagiaires par groupe ; accompagnement individuel et personnalis\u00e9 ; aucune exp\u00e9rience pr\u00e9alable requise<\/p>\n\n\n\n<p>Aucune limite de quantit\u00e9 d&rsquo;argile utilis\u00e9e ni de nombre de pi\u00e8ces produites. Comprend 1 cuisson \u00e0 980\u00b0 des pi\u00e8ces cr\u00e9\u00e9es.<\/p>\n\n\n\n<p>Cuisson d&rsquo;\u00e9maillage (1280\u00b0) en suppl\u00e9ment pour quelques euros de participation aux frais<\/p>\n\n\n\n<p>Plus d&rsquo;informations sur le travail de l&rsquo;argile : <a href=\"https:\/\/morganelouisgobin.com\/index.php\/travailler-avec-largile\/\" target=\"_blank\" rel=\"noreferrer noopener\">ici<\/a><\/p>\n\n\n\n<p>NB : me contacter pour groupes \/ privatisations<\/p>\n\n\n\n<h5 class=\"wp-block-heading has-text-color has-link-color wp-elements-0b0572c96e6dc5479dae08405233d112\" style=\"color:#198c8d\">PORTFOLIO : cr\u00e9ations de stagiaires MODELAGE<\/h5>\n\n\n\n<figure class=\"wp-block-gallery has-nested-images columns-default is-cropped wp-block-gallery-1 is-layout-flex wp-block-gallery-is-layout-flex\">\n<figure class=\"wp-block-image size-large is-style-default\"><img loading=\"lazy\" decoding=\"async\" width=\"682\" height=\"1024\" data-id=\"3148\" src=\"https:\/\/morganelouisgobin.com\/wp-content\/uploads\/2024\/07\/poster-PIECES-STAGIAIRES-3-682x1024.png\" alt=\"\" class=\"wp-image-3148\" srcset=\"https:\/\/morganelouisgobin.com\/wp-content\/uploads\/2024\/07\/poster-PIECES-STAGIAIRES-3-682x1024.png 682w, https:\/\/morganelouisgobin.com\/wp-content\/uploads\/2024\/07\/poster-PIECES-STAGIAIRES-3-200x300.png 200w, https:\/\/morganelouisgobin.com\/wp-content\/uploads\/2024\/07\/poster-PIECES-STAGIAIRES-3-768x1152.png 768w, https:\/\/morganelouisgobin.com\/wp-content\/uploads\/2024\/07\/poster-PIECES-STAGIAIRES-3-1024x1536.png 1024w, https:\/\/morganelouisgobin.com\/wp-content\/uploads\/2024\/07\/poster-PIECES-STAGIAIRES-3.png 1333w\" sizes=\"auto, (max-width: 682px) 100vw, 682px\" \/><figcaption class=\"wp-element-caption\">Cr\u00e9ations de stagiaires MODELAGE<\/figcaption><\/figure>\n\n\n\n<figure class=\"wp-block-image size-large is-style-default\"><img loading=\"lazy\" decoding=\"async\" width=\"682\" height=\"1024\" data-id=\"3149\" src=\"https:\/\/morganelouisgobin.com\/wp-content\/uploads\/2024\/07\/poster-PIECES-STAGIAIRES-4-682x1024.png\" alt=\"\" class=\"wp-image-3149\" srcset=\"https:\/\/morganelouisgobin.com\/wp-content\/uploads\/2024\/07\/poster-PIECES-STAGIAIRES-4-682x1024.png 682w, https:\/\/morganelouisgobin.com\/wp-content\/uploads\/2024\/07\/poster-PIECES-STAGIAIRES-4-200x300.png 200w, https:\/\/morganelouisgobin.com\/wp-content\/uploads\/2024\/07\/poster-PIECES-STAGIAIRES-4-768x1152.png 768w, https:\/\/morganelouisgobin.com\/wp-content\/uploads\/2024\/07\/poster-PIECES-STAGIAIRES-4-1024x1536.png 1024w, https:\/\/morganelouisgobin.com\/wp-content\/uploads\/2024\/07\/poster-PIECES-STAGIAIRES-4.png 1333w\" sizes=\"auto, (max-width: 682px) 100vw, 682px\" \/><figcaption class=\"wp-element-caption\">Cr\u00e9ations de stagiaires MODELAGE<\/figcaption><\/figure>\n\n\n\n<figure class=\"wp-block-image size-large is-style-default\"><img loading=\"lazy\" decoding=\"async\" width=\"682\" height=\"1024\" data-id=\"3150\" src=\"https:\/\/morganelouisgobin.com\/wp-content\/uploads\/2024\/07\/poster-PIECES-STAGIAIRES-1-682x1024.png\" alt=\"\" class=\"wp-image-3150\" srcset=\"https:\/\/morganelouisgobin.com\/wp-content\/uploads\/2024\/07\/poster-PIECES-STAGIAIRES-1-682x1024.png 682w, https:\/\/morganelouisgobin.com\/wp-content\/uploads\/2024\/07\/poster-PIECES-STAGIAIRES-1-200x300.png 200w, https:\/\/morganelouisgobin.com\/wp-content\/uploads\/2024\/07\/poster-PIECES-STAGIAIRES-1-768x1152.png 768w, https:\/\/morganelouisgobin.com\/wp-content\/uploads\/2024\/07\/poster-PIECES-STAGIAIRES-1-1024x1536.png 1024w, https:\/\/morganelouisgobin.com\/wp-content\/uploads\/2024\/07\/poster-PIECES-STAGIAIRES-1.png 1333w\" sizes=\"auto, (max-width: 682px) 100vw, 682px\" \/><figcaption class=\"wp-element-caption\">Cr\u00e9ations de stagiaires MODELAGE<\/figcaption><\/figure>\n\n\n\n<figure class=\"wp-block-image size-large is-style-default\"><img loading=\"lazy\" decoding=\"async\" width=\"682\" height=\"1024\" data-id=\"3151\" src=\"https:\/\/morganelouisgobin.com\/wp-content\/uploads\/2024\/07\/poster-PIECES-STAGIAIRES-2-682x1024.png\" alt=\"\" class=\"wp-image-3151\" srcset=\"https:\/\/morganelouisgobin.com\/wp-content\/uploads\/2024\/07\/poster-PIECES-STAGIAIRES-2-682x1024.png 682w, https:\/\/morganelouisgobin.com\/wp-content\/uploads\/2024\/07\/poster-PIECES-STAGIAIRES-2-200x300.png 200w, https:\/\/morganelouisgobin.com\/wp-content\/uploads\/2024\/07\/poster-PIECES-STAGIAIRES-2-768x1152.png 768w, https:\/\/morganelouisgobin.com\/wp-content\/uploads\/2024\/07\/poster-PIECES-STAGIAIRES-2-1024x1536.png 1024w, https:\/\/morganelouisgobin.com\/wp-content\/uploads\/2024\/07\/poster-PIECES-STAGIAIRES-2.png 1333w\" sizes=\"auto, (max-width: 682px) 100vw, 682px\" \/><figcaption class=\"wp-element-caption\">Toutes ces pi\u00e8ces ont \u00e9t\u00e9 cr\u00e9\u00e9es par les stagiaires en MODELAGE <\/figcaption><\/figure>\n<\/figure>\n\n\n\n<h5 class=\"wp-block-heading\"><a href=\"https:\/\/www.google.com\/maps\/place\/\/data=!4m3!3m2!1s0x478a91007ed69da7:0x989b41da77d34095!12e1?source=g.page.m._&amp;laa=merchant-review-solicitation\" target=\"_blank\" rel=\"noreferrer noopener\">Avis des visiteurs et stagiaires <\/a><\/h5>\n\n\n\n<p>\u00ab&nbsp;Un petit passage dans le magnifique atelier de Morgane m&rsquo;a permis d&rsquo;en apprendre bien plus sur ce beau m\u00e9tier et les probl\u00e9matiques de composants s&rsquo;y rapportant, j&rsquo;ai ensuite pu craquer pour divers articles de sa boutique dont les couleurs\/motifs sont incroyablement travaill\u00e9s et d\u00e9licats ! \u00c0 visiter sans nul doute !!&nbsp;\u00bb C\u00e9line<\/p>\n\n\n\n<p>\u00ab&nbsp;Nous avons fait l\u2019atelier de modelage 3h avec Morgane lors de nos vacances \u00e0 Villard. C\u2019\u00e9tait une chouette d\u00e9couverte et exp\u00e9rience, Morgane est p\u00e9dagogue et p\u00e9tillante, nous sommes ravis de ce moment et de nos petites cr\u00e9ations !&nbsp;\u00bb Lucie, Elise et Benjamin&nbsp;<\/p>\n\n\n\n<p>\u00ab&nbsp;Accueil tr\u00e8s chaleureux et convivial. Impliqu\u00e9e et tr\u00e8s respectueuse dans le respect des normes alimentaires et de l&rsquo;environnement. S\u00e9rieuse et contentieuse. Je vous conseille vivement d&rsquo;aller la voir et vous aurez autant envie que nous de lui acheter ses cr\u00e9ations en toute confiance.&nbsp;\u00bb Equipe JAL Tavares<\/p>\n\n\n\n<div class=\"wp-block-buttons is-content-justification-center is-layout-flex wp-container-core-buttons-is-layout-16018d1d wp-block-buttons-is-layout-flex\">\n<div class=\"wp-block-button\"><a class=\"wp-block-button__link wp-element-button\" href=\"https:\/\/morganelouisgobin.com\/index.php\/se-rendre-a-latelier\/\">venir a l&rsquo;atelier<\/a><\/div>\n<\/div>\n\n\n\n<p><\/p>\n","protected":false},"excerpt":{"rendered":"<p>STAGE DE MODELAGE pendant les vacances scolaires (Et\u00e9, No\u00ebl, Hiver): fabrication de pi\u00e8ce(s) personnelle(s) en 3 heures Informations et inscriptions<span class=\"view-more\"><a href=\"https:\/\/morganelouisgobin.com\/index.php\/modelage\/\" class=\"more-link\">Pour lire la suite &#8230;<span class=\"screen-reader-text\">Stages de modelage de l&rsquo;argile<\/span><\/a><\/span><\/p>\n","protected":false},"author":1,"featured_media":2952,"parent":0,"menu_order":0,"comment_status":"closed","ping_status":"closed","template":"","meta":{"_ti_tpc_template_sync":false,"_ti_tpc_template_id":"","footnotes":""},"class_list":["post-827","page","type-page","status-publish","has-post-thumbnail","hentry"],"yoast_head":"<!-- This site is optimized with the Yoast SEO plugin v21.9.1 - https:\/\/yoast.com\/wordpress\/plugins\/seo\/ -->\n<title>Stages de modelage de l&#039;argile - Morgane Louis-Gobin<\/title>\n<meta name=\"description\" content=\"Ouverture au public de l&#039;Atelier C\u00e9ramique Morgane Louis-Gobin : agenda des animations sur place, \u00e0 Villard-de-Lans (Is\u00e8re, Vercors)\" \/>\n<meta name=\"robots\" content=\"index, follow, max-snippet:-1, max-image-preview:large, max-video-preview:-1\" \/>\n<link rel=\"canonical\" href=\"https:\/\/morganelouisgobin.com\/index.php\/modelage\/\" \/>\n<meta property=\"og:locale\" content=\"fr_FR\" \/>\n<meta property=\"og:type\" content=\"article\" \/>\n<meta property=\"og:title\" content=\"Stages de modelage de l&#039;argile - Morgane Louis-Gobin\" \/>\n<meta property=\"og:description\" content=\"Ouverture au public de l&#039;Atelier C\u00e9ramique Morgane Louis-Gobin : agenda des animations sur place, \u00e0 Villard-de-Lans (Is\u00e8re, Vercors)\" \/>\n<meta property=\"og:url\" content=\"https:\/\/morganelouisgobin.com\/index.php\/modelage\/\" \/>\n<meta property=\"og:site_name\" content=\"Morgane Louis-Gobin\" \/>\n<meta property=\"article:publisher\" content=\"https:\/\/www.facebook.com\/Ceramique.poterie.villarddelans.louisgobin\/\" \/>\n<meta property=\"article:modified_time\" content=\"2025-06-30T09:31:37+00:00\" \/>\n<meta property=\"og:image\" content=\"https:\/\/morganelouisgobin.com\/wp-content\/uploads\/2023\/10\/Morgane_Louis_Gobin_ceramique_poterie_villard_de_lans_vercors_stage_cours_modelage_argile-scaled.jpg\" \/>\n\t<meta property=\"og:image:width\" content=\"1463\" \/>\n\t<meta property=\"og:image:height\" content=\"2560\" \/>\n\t<meta property=\"og:image:type\" content=\"image\/jpeg\" \/>\n<meta name=\"twitter:card\" content=\"summary_large_image\" \/>\n<meta name=\"twitter:label1\" content=\"Dur\u00e9e de lecture estim\u00e9e\" \/>\n\t<meta name=\"twitter:data1\" content=\"3 minutes\" \/>\n<script type=\"application\/ld+json\" class=\"yoast-schema-graph\">{\"@context\":\"https:\/\/schema.org\",\"@graph\":[{\"@type\":\"WebPage\",\"@id\":\"https:\/\/morganelouisgobin.com\/index.php\/modelage\/\",\"url\":\"https:\/\/morganelouisgobin.com\/index.php\/modelage\/\",\"name\":\"Stages de modelage de l'argile - Morgane Louis-Gobin\",\"isPartOf\":{\"@id\":\"https:\/\/morganelouisgobin.com\/#website\"},\"datePublished\":\"2022-05-16T13:23:08+00:00\",\"dateModified\":\"2025-06-30T09:31:37+00:00\",\"description\":\"Ouverture au public de l'Atelier C\u00e9ramique Morgane Louis-Gobin : agenda des animations sur place, \u00e0 Villard-de-Lans (Is\u00e8re, Vercors)\",\"breadcrumb\":{\"@id\":\"https:\/\/morganelouisgobin.com\/index.php\/modelage\/#breadcrumb\"},\"inLanguage\":\"fr-FR\",\"potentialAction\":[{\"@type\":\"ReadAction\",\"target\":[\"https:\/\/morganelouisgobin.com\/index.php\/modelage\/\"]}]},{\"@type\":\"BreadcrumbList\",\"@id\":\"https:\/\/morganelouisgobin.com\/index.php\/modelage\/#breadcrumb\",\"itemListElement\":[{\"@type\":\"ListItem\",\"position\":1,\"name\":\"Accueil\",\"item\":\"https:\/\/morganelouisgobin.com\/\"},{\"@type\":\"ListItem\",\"position\":2,\"name\":\"Stages de modelage de l&rsquo;argile\"}]},{\"@type\":\"WebSite\",\"@id\":\"https:\/\/morganelouisgobin.com\/#website\",\"url\":\"https:\/\/morganelouisgobin.com\/\",\"name\":\"Morgane Louis-Gobin\",\"description\":\"C\u00e9ramiste et formatrice\",\"publisher\":{\"@id\":\"https:\/\/morganelouisgobin.com\/#organization\"},\"potentialAction\":[{\"@type\":\"SearchAction\",\"target\":{\"@type\":\"EntryPoint\",\"urlTemplate\":\"https:\/\/morganelouisgobin.com\/?s={search_term_string}\"},\"query-input\":\"required name=search_term_string\"}],\"inLanguage\":\"fr-FR\"},{\"@type\":\"Organization\",\"@id\":\"https:\/\/morganelouisgobin.com\/#organization\",\"name\":\"Morgane Louis-Gobin\",\"url\":\"https:\/\/morganelouisgobin.com\/\",\"logo\":{\"@type\":\"ImageObject\",\"inLanguage\":\"fr-FR\",\"@id\":\"https:\/\/morganelouisgobin.com\/#\/schema\/logo\/image\/\",\"url\":\"https:\/\/morganelouisgobin.com\/wp-content\/uploads\/2022\/11\/Morgane_Louis_Gobin_ceramique_poterie_villard_de_lans_vercors_Logo-couleur.png\",\"contentUrl\":\"https:\/\/morganelouisgobin.com\/wp-content\/uploads\/2022\/11\/Morgane_Louis_Gobin_ceramique_poterie_villard_de_lans_vercors_Logo-couleur.png\",\"width\":1499,\"height\":849,\"caption\":\"Morgane Louis-Gobin\"},\"image\":{\"@id\":\"https:\/\/morganelouisgobin.com\/#\/schema\/logo\/image\/\"},\"sameAs\":[\"https:\/\/www.facebook.com\/Ceramique.poterie.villarddelans.louisgobin\/\",\"https:\/\/www.facebook.com\/Reglementation.risques.chimiques.ceramique\/\",\"https:\/\/www.instagram.com\/morgane_louisgobin\/\",\"https:\/\/goo.gl\/maps\/sYzACC1Jy9Wyu9MW6\"]}]}<\/script>\n<!-- \/ Yoast SEO plugin. -->","yoast_head_json":{"title":"Stages de modelage de l'argile - Morgane Louis-Gobin","description":"Ouverture au public de l'Atelier C\u00e9ramique Morgane Louis-Gobin : agenda des animations sur place, \u00e0 Villard-de-Lans (Is\u00e8re, Vercors)","robots":{"index":"index","follow":"follow","max-snippet":"max-snippet:-1","max-image-preview":"max-image-preview:large","max-video-preview":"max-video-preview:-1"},"canonical":"https:\/\/morganelouisgobin.com\/index.php\/modelage\/","og_locale":"fr_FR","og_type":"article","og_title":"Stages de modelage de l'argile - Morgane Louis-Gobin","og_description":"Ouverture au public de l'Atelier C\u00e9ramique Morgane Louis-Gobin : agenda des animations sur place, \u00e0 Villard-de-Lans (Is\u00e8re, Vercors)","og_url":"https:\/\/morganelouisgobin.com\/index.php\/modelage\/","og_site_name":"Morgane Louis-Gobin","article_publisher":"https:\/\/www.facebook.com\/Ceramique.poterie.villarddelans.louisgobin\/","article_modified_time":"2025-06-30T09:31:37+00:00","og_image":[{"width":1463,"height":2560,"url":"https:\/\/morganelouisgobin.com\/wp-content\/uploads\/2023\/10\/Morgane_Louis_Gobin_ceramique_poterie_villard_de_lans_vercors_stage_cours_modelage_argile-scaled.jpg","type":"image\/jpeg"}],"twitter_card":"summary_large_image","twitter_misc":{"Dur\u00e9e de lecture estim\u00e9e":"3 minutes"},"schema":{"@context":"https:\/\/schema.org","@graph":[{"@type":"WebPage","@id":"https:\/\/morganelouisgobin.com\/index.php\/modelage\/","url":"https:\/\/morganelouisgobin.com\/index.php\/modelage\/","name":"Stages de modelage de l'argile - Morgane Louis-Gobin","isPartOf":{"@id":"https:\/\/morganelouisgobin.com\/#website"},"datePublished":"2022-05-16T13:23:08+00:00","dateModified":"2025-06-30T09:31:37+00:00","description":"Ouverture au public de l'Atelier C\u00e9ramique Morgane Louis-Gobin : agenda des animations sur place, \u00e0 Villard-de-Lans (Is\u00e8re, Vercors)","breadcrumb":{"@id":"https:\/\/morganelouisgobin.com\/index.php\/modelage\/#breadcrumb"},"inLanguage":"fr-FR","potentialAction":[{"@type":"ReadAction","target":["https:\/\/morganelouisgobin.com\/index.php\/modelage\/"]}]},{"@type":"BreadcrumbList","@id":"https:\/\/morganelouisgobin.com\/index.php\/modelage\/#breadcrumb","itemListElement":[{"@type":"ListItem","position":1,"name":"Accueil","item":"https:\/\/morganelouisgobin.com\/"},{"@type":"ListItem","position":2,"name":"Stages de modelage de l&rsquo;argile"}]},{"@type":"WebSite","@id":"https:\/\/morganelouisgobin.com\/#website","url":"https:\/\/morganelouisgobin.com\/","name":"Morgane Louis-Gobin","description":"C\u00e9ramiste et formatrice","publisher":{"@id":"https:\/\/morganelouisgobin.com\/#organization"},"potentialAction":[{"@type":"SearchAction","target":{"@type":"EntryPoint","urlTemplate":"https:\/\/morganelouisgobin.com\/?s={search_term_string}"},"query-input":"required name=search_term_string"}],"inLanguage":"fr-FR"},{"@type":"Organization","@id":"https:\/\/morganelouisgobin.com\/#organization","name":"Morgane Louis-Gobin","url":"https:\/\/morganelouisgobin.com\/","logo":{"@type":"ImageObject","inLanguage":"fr-FR","@id":"https:\/\/morganelouisgobin.com\/#\/schema\/logo\/image\/","url":"https:\/\/morganelouisgobin.com\/wp-content\/uploads\/2022\/11\/Morgane_Louis_Gobin_ceramique_poterie_villard_de_lans_vercors_Logo-couleur.png","contentUrl":"https:\/\/morganelouisgobin.com\/wp-content\/uploads\/2022\/11\/Morgane_Louis_Gobin_ceramique_poterie_villard_de_lans_vercors_Logo-couleur.png","width":1499,"height":849,"caption":"Morgane Louis-Gobin"},"image":{"@id":"https:\/\/morganelouisgobin.com\/#\/schema\/logo\/image\/"},"sameAs":["https:\/\/www.facebook.com\/Ceramique.poterie.villarddelans.louisgobin\/","https:\/\/www.facebook.com\/Reglementation.risques.chimiques.ceramique\/","https:\/\/www.instagram.com\/morgane_louisgobin\/","https:\/\/goo.gl\/maps\/sYzACC1Jy9Wyu9MW6"]}]}},"_links":{"self":[{"href":"https:\/\/morganelouisgobin.com\/index.php\/wp-json\/wp\/v2\/pages\/827","targetHints":{"allow":["GET"]}}],"collection":[{"href":"https:\/\/morganelouisgobin.com\/index.php\/wp-json\/wp\/v2\/pages"}],"about":[{"href":"https:\/\/morganelouisgobin.com\/index.php\/wp-json\/wp\/v2\/types\/page"}],"author":[{"embeddable":true,"href":"https:\/\/morganelouisgobin.com\/index.php\/wp-json\/wp\/v2\/users\/1"}],"replies":[{"embeddable":true,"href":"https:\/\/morganelouisgobin.com\/index.php\/wp-json\/wp\/v2\/comments?post=827"}],"version-history":[{"count":118,"href":"https:\/\/morganelouisgobin.com\/index.php\/wp-json\/wp\/v2\/pages\/827\/revisions"}],"predecessor-version":[{"id":3435,"href":"https:\/\/morganelouisgobin.com\/index.php\/wp-json\/wp\/v2\/pages\/827\/revisions\/3435"}],"wp:featuredmedia":[{"embeddable":true,"href":"https:\/\/morganelouisgobin.com\/index.php\/wp-json\/wp\/v2\/media\/2952"}],"wp:attachment":[{"href":"https:\/\/morganelouisgobin.com\/index.php\/wp-json\/wp\/v2\/media?parent=827"}],"curies":[{"name":"wp","href":"https:\/\/api.w.org\/{rel}","templated":true}]}}