{"id":3368,"date":"2025-06-29T15:20:02","date_gmt":"2025-06-29T13:20:02","guid":{"rendered":"https:\/\/morganelouisgobin.com\/?page_id=3368"},"modified":"2025-06-29T16:16:03","modified_gmt":"2025-06-29T14:16:03","slug":"cours-de-tournage","status":"publish","type":"page","link":"https:\/\/morganelouisgobin.com\/index.php\/cours-de-tournage\/","title":{"rendered":"Cours de Tournage"},"content":{"rendered":"\n<h3 class=\"wp-block-heading has-text-color has-link-color wp-elements-5fea0c4661152c469128c3c2052d58ad\" style=\"color:#198c8d\">Cours Particuliers individuels de tournage toute l&rsquo;ann\u00e9e<\/h3>\n\n\n\n<p>Pour r\u00e9server un cours : par tel 07.63.93.16.09 ou par <a href=\"mailto:morgane@morganelouisgobin.com\">e-mail<\/a><\/p>\n\n\n\n<ul class=\"wp-block-list\">\n<li>Accompagnement personnalis\u00e9\u00a0 et individuel \u00e0 la d\u00e9couverte ou au perfectionnement de la pratique du tournage en c\u00e9ramique (1 personne par cours).<\/li>\n\n\n\n<li>Pr\u00e9sentation du tour \u00e9lectrique, de la mati\u00e8re premi\u00e8re et des diff\u00e9rents outils<\/li>\n\n\n\n<li>Notions de s\u00e9curit\u00e9 sanitaire dans la pratique c\u00e9ramique de loisir<\/li>\n\n\n\n<li>Ergonomie dans la pratique du tournage<\/li>\n\n\n\n<li>Transmission de connaissances techniques, d\u00e9monstration, observation et correction des gestes du\/de la stagiaire au cours des diff\u00e9rentes \u00e9tapes (tournage, raffermissement, tournassage) , avec apprentissage progressif des 3 formes de base du tournage (cylindre, bol, assiette) et de leurs variantes \/ combinaisons,<\/li>\n\n\n\n<li>Cuisson \u00e0 980\u00b0 de la ou des pi\u00e8ces cr\u00e9\u00e9e.s par le.la stagiaire<\/li>\n\n\n\n<li>Cuisson \u00e0 1280\u00b0 de la ou les pi\u00e8ces , \u00e9maill\u00e9es en transparent alimentaire par la prestataire<\/li>\n<\/ul>\n\n\n\n<h3 class=\"wp-block-heading has-text-color has-link-color wp-elements-38aba29a9b8bbff3718ba02274a1ffca\" style=\"color:#198c8d\">Formules et tarifs<\/h3>\n\n\n\n<div class=\"wp-block-media-text is-stacked-on-mobile\"><figure class=\"wp-block-media-text__media\"><img loading=\"lazy\" decoding=\"async\" width=\"1024\" height=\"1024\" src=\"https:\/\/morganelouisgobin.com\/wp-content\/uploads\/2024\/06\/Atelier_ceramique_poterie_villard_de_lans_morgane_louis_gobin_centrage_argile-1024x1024.jpg\" alt=\"\" class=\"wp-image-3133 size-full\" srcset=\"https:\/\/morganelouisgobin.com\/wp-content\/uploads\/2024\/06\/Atelier_ceramique_poterie_villard_de_lans_morgane_louis_gobin_centrage_argile-1024x1024.jpg 1024w, https:\/\/morganelouisgobin.com\/wp-content\/uploads\/2024\/06\/Atelier_ceramique_poterie_villard_de_lans_morgane_louis_gobin_centrage_argile-300x300.jpg 300w, https:\/\/morganelouisgobin.com\/wp-content\/uploads\/2024\/06\/Atelier_ceramique_poterie_villard_de_lans_morgane_louis_gobin_centrage_argile-150x150.jpg 150w, https:\/\/morganelouisgobin.com\/wp-content\/uploads\/2024\/06\/Atelier_ceramique_poterie_villard_de_lans_morgane_louis_gobin_centrage_argile-768x768.jpg 768w, https:\/\/morganelouisgobin.com\/wp-content\/uploads\/2024\/06\/Atelier_ceramique_poterie_villard_de_lans_morgane_louis_gobin_centrage_argile-1536x1536.jpg 1536w, https:\/\/morganelouisgobin.com\/wp-content\/uploads\/2024\/06\/Atelier_ceramique_poterie_villard_de_lans_morgane_louis_gobin_centrage_argile-2048x2048.jpg 2048w\" sizes=\"auto, (max-width: 1024px) 100vw, 1024px\" \/><\/figure><div class=\"wp-block-media-text__content\">\n<ul class=\"wp-block-list\">\n<li>Cours particulier de 2 h : 100 euros TTC (soit 50 \u20ac \/ heure)<\/li>\n\n\n\n<li>Cours particulier de 3h : 130 euros TTC (soit 45 \u20ac \/ heure)<\/li>\n\n\n\n<li>Formule 6h (2 s\u00e9ances de 3h) : 240 euros TTC (soit 40 \u20ac \/ heure)<\/li>\n\n\n\n<li>Formule 10h (\u00e0 r\u00e9partir en s\u00e9ances de 2h30): 380 euros TTC (soit 38 \u20ac \/ heure)<\/li>\n<\/ul>\n<\/div><\/div>\n","protected":false},"excerpt":{"rendered":"<p>Cours Particuliers individuels de tournage toute l&rsquo;ann\u00e9e Pour r\u00e9server un cours : par tel 07.63.93.16.09 ou par e-mail Formules et<span class=\"view-more\"><a href=\"https:\/\/morganelouisgobin.com\/index.php\/cours-de-tournage\/\" class=\"more-link\">Pour lire la suite &#8230;<span class=\"screen-reader-text\">Cours de Tournage<\/span><\/a><\/span><\/p>\n","protected":false},"author":1,"featured_media":0,"parent":0,"menu_order":0,"comment_status":"closed","ping_status":"closed","template":"","meta":{"_ti_tpc_template_sync":false,"_ti_tpc_template_id":"","footnotes":""},"class_list":["post-3368","page","type-page","status-publish","hentry"],"yoast_head":"<!-- This site is optimized with the Yoast SEO plugin v21.9.1 - https:\/\/yoast.com\/wordpress\/plugins\/seo\/ -->\n<title>Cours de Tournage - Morgane Louis-Gobin<\/title>\n<meta name=\"robots\" content=\"index, follow, max-snippet:-1, max-image-preview:large, max-video-preview:-1\" \/>\n<link rel=\"canonical\" href=\"https:\/\/morganelouisgobin.com\/index.php\/cours-de-tournage\/\" \/>\n<meta property=\"og:locale\" content=\"fr_FR\" \/>\n<meta property=\"og:type\" content=\"article\" \/>\n<meta property=\"og:title\" content=\"Cours de Tournage - Morgane Louis-Gobin\" \/>\n<meta property=\"og:description\" content=\"Cours Particuliers individuels de tournage toute l&rsquo;ann\u00e9e Pour r\u00e9server un cours : par tel 07.63.93.16.09 ou par e-mail Formules etPour lire la suite ...Cours de Tournage\" \/>\n<meta property=\"og:url\" content=\"https:\/\/morganelouisgobin.com\/index.php\/cours-de-tournage\/\" \/>\n<meta property=\"og:site_name\" content=\"Morgane Louis-Gobin\" \/>\n<meta property=\"article:publisher\" content=\"https:\/\/www.facebook.com\/Ceramique.poterie.villarddelans.louisgobin\/\" \/>\n<meta property=\"article:modified_time\" content=\"2025-06-29T14:16:03+00:00\" \/>\n<meta property=\"og:image\" content=\"https:\/\/morganelouisgobin.com\/wp-content\/uploads\/2024\/06\/Atelier_ceramique_poterie_villard_de_lans_morgane_louis_gobin_centrage_argile-1024x1024.jpg\" \/>\n<meta name=\"twitter:card\" content=\"summary_large_image\" \/>\n<meta name=\"twitter:label1\" content=\"Dur\u00e9e de lecture estim\u00e9e\" \/>\n\t<meta name=\"twitter:data1\" content=\"2 minutes\" \/>\n<script type=\"application\/ld+json\" class=\"yoast-schema-graph\">{\"@context\":\"https:\/\/schema.org\",\"@graph\":[{\"@type\":\"WebPage\",\"@id\":\"https:\/\/morganelouisgobin.com\/index.php\/cours-de-tournage\/\",\"url\":\"https:\/\/morganelouisgobin.com\/index.php\/cours-de-tournage\/\",\"name\":\"Cours de Tournage - Morgane Louis-Gobin\",\"isPartOf\":{\"@id\":\"https:\/\/morganelouisgobin.com\/#website\"},\"datePublished\":\"2025-06-29T13:20:02+00:00\",\"dateModified\":\"2025-06-29T14:16:03+00:00\",\"breadcrumb\":{\"@id\":\"https:\/\/morganelouisgobin.com\/index.php\/cours-de-tournage\/#breadcrumb\"},\"inLanguage\":\"fr-FR\",\"potentialAction\":[{\"@type\":\"ReadAction\",\"target\":[\"https:\/\/morganelouisgobin.com\/index.php\/cours-de-tournage\/\"]}]},{\"@type\":\"BreadcrumbList\",\"@id\":\"https:\/\/morganelouisgobin.com\/index.php\/cours-de-tournage\/#breadcrumb\",\"itemListElement\":[{\"@type\":\"ListItem\",\"position\":1,\"name\":\"Accueil\",\"item\":\"https:\/\/morganelouisgobin.com\/\"},{\"@type\":\"ListItem\",\"position\":2,\"name\":\"Cours de Tournage\"}]},{\"@type\":\"WebSite\",\"@id\":\"https:\/\/morganelouisgobin.com\/#website\",\"url\":\"https:\/\/morganelouisgobin.com\/\",\"name\":\"Morgane Louis-Gobin\",\"description\":\"C\u00e9ramiste et formatrice\",\"publisher\":{\"@id\":\"https:\/\/morganelouisgobin.com\/#organization\"},\"potentialAction\":[{\"@type\":\"SearchAction\",\"target\":{\"@type\":\"EntryPoint\",\"urlTemplate\":\"https:\/\/morganelouisgobin.com\/?s={search_term_string}\"},\"query-input\":\"required name=search_term_string\"}],\"inLanguage\":\"fr-FR\"},{\"@type\":\"Organization\",\"@id\":\"https:\/\/morganelouisgobin.com\/#organization\",\"name\":\"Morgane Louis-Gobin\",\"url\":\"https:\/\/morganelouisgobin.com\/\",\"logo\":{\"@type\":\"ImageObject\",\"inLanguage\":\"fr-FR\",\"@id\":\"https:\/\/morganelouisgobin.com\/#\/schema\/logo\/image\/\",\"url\":\"https:\/\/morganelouisgobin.com\/wp-content\/uploads\/2022\/11\/Morgane_Louis_Gobin_ceramique_poterie_villard_de_lans_vercors_Logo-couleur.png\",\"contentUrl\":\"https:\/\/morganelouisgobin.com\/wp-content\/uploads\/2022\/11\/Morgane_Louis_Gobin_ceramique_poterie_villard_de_lans_vercors_Logo-couleur.png\",\"width\":1499,\"height\":849,\"caption\":\"Morgane Louis-Gobin\"},\"image\":{\"@id\":\"https:\/\/morganelouisgobin.com\/#\/schema\/logo\/image\/\"},\"sameAs\":[\"https:\/\/www.facebook.com\/Ceramique.poterie.villarddelans.louisgobin\/\",\"https:\/\/www.facebook.com\/Reglementation.risques.chimiques.ceramique\/\",\"https:\/\/www.instagram.com\/morgane_louisgobin\/\",\"https:\/\/goo.gl\/maps\/sYzACC1Jy9Wyu9MW6\"]}]}<\/script>\n<!-- \/ Yoast SEO plugin. -->","yoast_head_json":{"title":"Cours de Tournage - Morgane Louis-Gobin","robots":{"index":"index","follow":"follow","max-snippet":"max-snippet:-1","max-image-preview":"max-image-preview:large","max-video-preview":"max-video-preview:-1"},"canonical":"https:\/\/morganelouisgobin.com\/index.php\/cours-de-tournage\/","og_locale":"fr_FR","og_type":"article","og_title":"Cours de Tournage - Morgane Louis-Gobin","og_description":"Cours Particuliers individuels de tournage toute l&rsquo;ann\u00e9e Pour r\u00e9server un cours : par tel 07.63.93.16.09 ou par e-mail Formules etPour lire la suite ...Cours de Tournage","og_url":"https:\/\/morganelouisgobin.com\/index.php\/cours-de-tournage\/","og_site_name":"Morgane Louis-Gobin","article_publisher":"https:\/\/www.facebook.com\/Ceramique.poterie.villarddelans.louisgobin\/","article_modified_time":"2025-06-29T14:16:03+00:00","og_image":[{"url":"https:\/\/morganelouisgobin.com\/wp-content\/uploads\/2024\/06\/Atelier_ceramique_poterie_villard_de_lans_morgane_louis_gobin_centrage_argile-1024x1024.jpg"}],"twitter_card":"summary_large_image","twitter_misc":{"Dur\u00e9e de lecture estim\u00e9e":"2 minutes"},"schema":{"@context":"https:\/\/schema.org","@graph":[{"@type":"WebPage","@id":"https:\/\/morganelouisgobin.com\/index.php\/cours-de-tournage\/","url":"https:\/\/morganelouisgobin.com\/index.php\/cours-de-tournage\/","name":"Cours de Tournage - Morgane Louis-Gobin","isPartOf":{"@id":"https:\/\/morganelouisgobin.com\/#website"},"datePublished":"2025-06-29T13:20:02+00:00","dateModified":"2025-06-29T14:16:03+00:00","breadcrumb":{"@id":"https:\/\/morganelouisgobin.com\/index.php\/cours-de-tournage\/#breadcrumb"},"inLanguage":"fr-FR","potentialAction":[{"@type":"ReadAction","target":["https:\/\/morganelouisgobin.com\/index.php\/cours-de-tournage\/"]}]},{"@type":"BreadcrumbList","@id":"https:\/\/morganelouisgobin.com\/index.php\/cours-de-tournage\/#breadcrumb","itemListElement":[{"@type":"ListItem","position":1,"name":"Accueil","item":"https:\/\/morganelouisgobin.com\/"},{"@type":"ListItem","position":2,"name":"Cours de Tournage"}]},{"@type":"WebSite","@id":"https:\/\/morganelouisgobin.com\/#website","url":"https:\/\/morganelouisgobin.com\/","name":"Morgane Louis-Gobin","description":"C\u00e9ramiste et formatrice","publisher":{"@id":"https:\/\/morganelouisgobin.com\/#organization"},"potentialAction":[{"@type":"SearchAction","target":{"@type":"EntryPoint","urlTemplate":"https:\/\/morganelouisgobin.com\/?s={search_term_string}"},"query-input":"required name=search_term_string"}],"inLanguage":"fr-FR"},{"@type":"Organization","@id":"https:\/\/morganelouisgobin.com\/#organization","name":"Morgane Louis-Gobin","url":"https:\/\/morganelouisgobin.com\/","logo":{"@type":"ImageObject","inLanguage":"fr-FR","@id":"https:\/\/morganelouisgobin.com\/#\/schema\/logo\/image\/","url":"https:\/\/morganelouisgobin.com\/wp-content\/uploads\/2022\/11\/Morgane_Louis_Gobin_ceramique_poterie_villard_de_lans_vercors_Logo-couleur.png","contentUrl":"https:\/\/morganelouisgobin.com\/wp-content\/uploads\/2022\/11\/Morgane_Louis_Gobin_ceramique_poterie_villard_de_lans_vercors_Logo-couleur.png","width":1499,"height":849,"caption":"Morgane Louis-Gobin"},"image":{"@id":"https:\/\/morganelouisgobin.com\/#\/schema\/logo\/image\/"},"sameAs":["https:\/\/www.facebook.com\/Ceramique.poterie.villarddelans.louisgobin\/","https:\/\/www.facebook.com\/Reglementation.risques.chimiques.ceramique\/","https:\/\/www.instagram.com\/morgane_louisgobin\/","https:\/\/goo.gl\/maps\/sYzACC1Jy9Wyu9MW6"]}]}},"_links":{"self":[{"href":"https:\/\/morganelouisgobin.com\/index.php\/wp-json\/wp\/v2\/pages\/3368","targetHints":{"allow":["GET"]}}],"collection":[{"href":"https:\/\/morganelouisgobin.com\/index.php\/wp-json\/wp\/v2\/pages"}],"about":[{"href":"https:\/\/morganelouisgobin.com\/index.php\/wp-json\/wp\/v2\/types\/page"}],"author":[{"embeddable":true,"href":"https:\/\/morganelouisgobin.com\/index.php\/wp-json\/wp\/v2\/users\/1"}],"replies":[{"embeddable":true,"href":"https:\/\/morganelouisgobin.com\/index.php\/wp-json\/wp\/v2\/comments?post=3368"}],"version-history":[{"count":5,"href":"https:\/\/morganelouisgobin.com\/index.php\/wp-json\/wp\/v2\/pages\/3368\/revisions"}],"predecessor-version":[{"id":3403,"href":"https:\/\/morganelouisgobin.com\/index.php\/wp-json\/wp\/v2\/pages\/3368\/revisions\/3403"}],"wp:attachment":[{"href":"https:\/\/morganelouisgobin.com\/index.php\/wp-json\/wp\/v2\/media?parent=3368"}],"curies":[{"name":"wp","href":"https:\/\/api.w.org\/{rel}","templated":true}]}}