{"id":3357,"date":"2025-06-29T15:10:55","date_gmt":"2025-06-29T13:10:55","guid":{"rendered":"https:\/\/morganelouisgobin.com\/?page_id=3357"},"modified":"2025-06-29T16:52:26","modified_gmt":"2025-06-29T14:52:26","slug":"conference-visite-de-latelier","status":"publish","type":"page","link":"https:\/\/morganelouisgobin.com\/index.php\/conference-visite-de-latelier\/","title":{"rendered":"Conf\u00e9rence-visite de l&rsquo;atelier"},"content":{"rendered":"\n<p>J&rsquo;anime une conf\u00e9rence \u00e0 l&rsquo;atelier pendant les vacances scolaires. Les \u00e9changes sont passionn\u00e9s et passionnants. Il y en a pour tous les go\u00fbts : <\/p>\n\n\n\n<ul class=\"wp-block-list\">\n<li>Consommateur.rice se nourrissant quotidiennement dans de la vaisselle (tout le monde en fait !)<\/li>\n\n\n\n<li>Amateur.rice de c\u00e9ramiques<\/li>\n\n\n\n<li>Curieux.se et sp\u00e9cialiste dans l&rsquo;un des nombreux sujets abord\u00e9s : g\u00e9ologie, histoire de l&rsquo;art c\u00e9ramique, chimie min\u00e9rale, arts et artisanats, sant\u00e9, pr\u00e9vention sanitaire, pr\u00e9servation environnementale, toxicologie <\/li>\n<\/ul>\n\n\n\n<p>Prochaines dates <a href=\"https:\/\/morganelouisgobin.com\/index.php\/programme-des-animations\/\" target=\"_blank\" rel=\"noreferrer noopener\">ici<\/a>. Gratuit et sans r\u00e9servation. Pour tous.<\/p>\n\n\n\n<div class=\"wp-block-media-text alignwide is-stacked-on-mobile\" style=\"grid-template-columns:46% auto\"><figure class=\"wp-block-media-text__media\"><img loading=\"lazy\" decoding=\"async\" width=\"1024\" height=\"819\" src=\"https:\/\/morganelouisgobin.com\/wp-content\/uploads\/2024\/06\/PHOTO-VISITE-CONFERENCE-gratuite-atelier-ceramique-1024x819.png\" alt=\"\" class=\"wp-image-3137 size-full\" srcset=\"https:\/\/morganelouisgobin.com\/wp-content\/uploads\/2024\/06\/PHOTO-VISITE-CONFERENCE-gratuite-atelier-ceramique-1024x819.png 1024w, https:\/\/morganelouisgobin.com\/wp-content\/uploads\/2024\/06\/PHOTO-VISITE-CONFERENCE-gratuite-atelier-ceramique-300x240.png 300w, https:\/\/morganelouisgobin.com\/wp-content\/uploads\/2024\/06\/PHOTO-VISITE-CONFERENCE-gratuite-atelier-ceramique-768x614.png 768w, https:\/\/morganelouisgobin.com\/wp-content\/uploads\/2024\/06\/PHOTO-VISITE-CONFERENCE-gratuite-atelier-ceramique-1536x1229.png 1536w, https:\/\/morganelouisgobin.com\/wp-content\/uploads\/2024\/06\/PHOTO-VISITE-CONFERENCE-gratuite-atelier-ceramique.png 2000w\" sizes=\"auto, (max-width: 1024px) 100vw, 1024px\" \/><\/figure><div class=\"wp-block-media-text__content\">\n<p>Venez d\u00e9couvrir les <a href=\"https:\/\/morganelouisgobin.com\/index.php\/mes-matieres-premieres\/\" target=\"_blank\" rel=\"noreferrer noopener\">mati\u00e8res premi\u00e8res<\/a> utilis\u00e9es dans un atelier de c\u00e9ramique, les \u00e9tapes de fabrication d&rsquo;une pi\u00e8ce, les outils et une approche durable de la cr\u00e9ation<\/p>\n\n\n\n<ul class=\"wp-block-list\">\n<li>Comment l&rsquo;activit\u00e9 volcanique de la Terre et des millions d&rsquo;ann\u00e9es de parcours g\u00e9ologique ont cr\u00e9\u00e9 l&rsquo;argile<\/li>\n\n\n\n<li>Le r\u00f4le de la meilleure amie de l&rsquo;argile : l&rsquo;eau ! <\/li>\n\n\n\n<li>Les c\u00e9ramistes en tant que chimistes du verre, travaillant la couche d&rsquo;\u00e9mail qui d\u00e9core et \u00e9tanch\u00e9ifie les pi\u00e8ces<\/li>\n\n\n\n<li>Mon <a href=\"https:\/\/morganelouisgobin.com\/index.php\/gamme-alimentaire-zerotox\/\" target=\"_blank\" rel=\"noreferrer noopener\">approche durable <\/a>et respectueuse du vivant dans la pratique c\u00e9ramique <\/li>\n<\/ul>\n<\/div><\/div>\n","protected":false},"excerpt":{"rendered":"<p>J&rsquo;anime une conf\u00e9rence \u00e0 l&rsquo;atelier pendant les vacances scolaires. Les \u00e9changes sont passionn\u00e9s et passionnants. Il y en a pour<span class=\"view-more\"><a href=\"https:\/\/morganelouisgobin.com\/index.php\/conference-visite-de-latelier\/\" class=\"more-link\">Pour lire la suite &#8230;<span class=\"screen-reader-text\">Conf\u00e9rence-visite de l&rsquo;atelier<\/span><\/a><\/span><\/p>\n","protected":false},"author":1,"featured_media":0,"parent":0,"menu_order":0,"comment_status":"closed","ping_status":"closed","template":"","meta":{"_ti_tpc_template_sync":false,"_ti_tpc_template_id":"","footnotes":""},"class_list":["post-3357","page","type-page","status-publish","hentry"],"yoast_head":"<!-- This site is optimized with the Yoast SEO plugin v21.9.1 - https:\/\/yoast.com\/wordpress\/plugins\/seo\/ -->\n<title>Conf\u00e9rence-visite de l&#039;atelier - Morgane Louis-Gobin<\/title>\n<meta name=\"robots\" content=\"index, follow, max-snippet:-1, max-image-preview:large, max-video-preview:-1\" \/>\n<link rel=\"canonical\" href=\"https:\/\/morganelouisgobin.com\/index.php\/conference-visite-de-latelier\/\" \/>\n<meta property=\"og:locale\" content=\"fr_FR\" \/>\n<meta property=\"og:type\" content=\"article\" \/>\n<meta property=\"og:title\" content=\"Conf\u00e9rence-visite de l&#039;atelier - Morgane Louis-Gobin\" \/>\n<meta property=\"og:description\" content=\"J&rsquo;anime une conf\u00e9rence \u00e0 l&rsquo;atelier pendant les vacances scolaires. Les \u00e9changes sont passionn\u00e9s et passionnants. Il y en a pourPour lire la suite ...Conf\u00e9rence-visite de l&rsquo;atelier\" \/>\n<meta property=\"og:url\" content=\"https:\/\/morganelouisgobin.com\/index.php\/conference-visite-de-latelier\/\" \/>\n<meta property=\"og:site_name\" content=\"Morgane Louis-Gobin\" \/>\n<meta property=\"article:publisher\" content=\"https:\/\/www.facebook.com\/Ceramique.poterie.villarddelans.louisgobin\/\" \/>\n<meta property=\"article:modified_time\" content=\"2025-06-29T14:52:26+00:00\" \/>\n<meta property=\"og:image\" content=\"https:\/\/morganelouisgobin.com\/wp-content\/uploads\/2024\/06\/PHOTO-VISITE-CONFERENCE-gratuite-atelier-ceramique-1024x819.png\" \/>\n<meta name=\"twitter:card\" content=\"summary_large_image\" \/>\n<meta name=\"twitter:label1\" content=\"Dur\u00e9e de lecture estim\u00e9e\" \/>\n\t<meta name=\"twitter:data1\" content=\"1 minute\" \/>\n<script type=\"application\/ld+json\" class=\"yoast-schema-graph\">{\"@context\":\"https:\/\/schema.org\",\"@graph\":[{\"@type\":\"WebPage\",\"@id\":\"https:\/\/morganelouisgobin.com\/index.php\/conference-visite-de-latelier\/\",\"url\":\"https:\/\/morganelouisgobin.com\/index.php\/conference-visite-de-latelier\/\",\"name\":\"Conf\u00e9rence-visite de l'atelier - Morgane Louis-Gobin\",\"isPartOf\":{\"@id\":\"https:\/\/morganelouisgobin.com\/#website\"},\"datePublished\":\"2025-06-29T13:10:55+00:00\",\"dateModified\":\"2025-06-29T14:52:26+00:00\",\"breadcrumb\":{\"@id\":\"https:\/\/morganelouisgobin.com\/index.php\/conference-visite-de-latelier\/#breadcrumb\"},\"inLanguage\":\"fr-FR\",\"potentialAction\":[{\"@type\":\"ReadAction\",\"target\":[\"https:\/\/morganelouisgobin.com\/index.php\/conference-visite-de-latelier\/\"]}]},{\"@type\":\"BreadcrumbList\",\"@id\":\"https:\/\/morganelouisgobin.com\/index.php\/conference-visite-de-latelier\/#breadcrumb\",\"itemListElement\":[{\"@type\":\"ListItem\",\"position\":1,\"name\":\"Accueil\",\"item\":\"https:\/\/morganelouisgobin.com\/\"},{\"@type\":\"ListItem\",\"position\":2,\"name\":\"Conf\u00e9rence-visite de l&rsquo;atelier\"}]},{\"@type\":\"WebSite\",\"@id\":\"https:\/\/morganelouisgobin.com\/#website\",\"url\":\"https:\/\/morganelouisgobin.com\/\",\"name\":\"Morgane Louis-Gobin\",\"description\":\"C\u00e9ramiste et formatrice\",\"publisher\":{\"@id\":\"https:\/\/morganelouisgobin.com\/#organization\"},\"potentialAction\":[{\"@type\":\"SearchAction\",\"target\":{\"@type\":\"EntryPoint\",\"urlTemplate\":\"https:\/\/morganelouisgobin.com\/?s={search_term_string}\"},\"query-input\":\"required name=search_term_string\"}],\"inLanguage\":\"fr-FR\"},{\"@type\":\"Organization\",\"@id\":\"https:\/\/morganelouisgobin.com\/#organization\",\"name\":\"Morgane Louis-Gobin\",\"url\":\"https:\/\/morganelouisgobin.com\/\",\"logo\":{\"@type\":\"ImageObject\",\"inLanguage\":\"fr-FR\",\"@id\":\"https:\/\/morganelouisgobin.com\/#\/schema\/logo\/image\/\",\"url\":\"https:\/\/morganelouisgobin.com\/wp-content\/uploads\/2022\/11\/Morgane_Louis_Gobin_ceramique_poterie_villard_de_lans_vercors_Logo-couleur.png\",\"contentUrl\":\"https:\/\/morganelouisgobin.com\/wp-content\/uploads\/2022\/11\/Morgane_Louis_Gobin_ceramique_poterie_villard_de_lans_vercors_Logo-couleur.png\",\"width\":1499,\"height\":849,\"caption\":\"Morgane Louis-Gobin\"},\"image\":{\"@id\":\"https:\/\/morganelouisgobin.com\/#\/schema\/logo\/image\/\"},\"sameAs\":[\"https:\/\/www.facebook.com\/Ceramique.poterie.villarddelans.louisgobin\/\",\"https:\/\/www.facebook.com\/Reglementation.risques.chimiques.ceramique\/\",\"https:\/\/www.instagram.com\/morgane_louisgobin\/\",\"https:\/\/goo.gl\/maps\/sYzACC1Jy9Wyu9MW6\"]}]}<\/script>\n<!-- \/ Yoast SEO plugin. -->","yoast_head_json":{"title":"Conf\u00e9rence-visite de l'atelier - Morgane Louis-Gobin","robots":{"index":"index","follow":"follow","max-snippet":"max-snippet:-1","max-image-preview":"max-image-preview:large","max-video-preview":"max-video-preview:-1"},"canonical":"https:\/\/morganelouisgobin.com\/index.php\/conference-visite-de-latelier\/","og_locale":"fr_FR","og_type":"article","og_title":"Conf\u00e9rence-visite de l'atelier - Morgane Louis-Gobin","og_description":"J&rsquo;anime une conf\u00e9rence \u00e0 l&rsquo;atelier pendant les vacances scolaires. Les \u00e9changes sont passionn\u00e9s et passionnants. Il y en a pourPour lire la suite ...Conf\u00e9rence-visite de l&rsquo;atelier","og_url":"https:\/\/morganelouisgobin.com\/index.php\/conference-visite-de-latelier\/","og_site_name":"Morgane Louis-Gobin","article_publisher":"https:\/\/www.facebook.com\/Ceramique.poterie.villarddelans.louisgobin\/","article_modified_time":"2025-06-29T14:52:26+00:00","og_image":[{"url":"https:\/\/morganelouisgobin.com\/wp-content\/uploads\/2024\/06\/PHOTO-VISITE-CONFERENCE-gratuite-atelier-ceramique-1024x819.png"}],"twitter_card":"summary_large_image","twitter_misc":{"Dur\u00e9e de lecture estim\u00e9e":"1 minute"},"schema":{"@context":"https:\/\/schema.org","@graph":[{"@type":"WebPage","@id":"https:\/\/morganelouisgobin.com\/index.php\/conference-visite-de-latelier\/","url":"https:\/\/morganelouisgobin.com\/index.php\/conference-visite-de-latelier\/","name":"Conf\u00e9rence-visite de l'atelier - Morgane Louis-Gobin","isPartOf":{"@id":"https:\/\/morganelouisgobin.com\/#website"},"datePublished":"2025-06-29T13:10:55+00:00","dateModified":"2025-06-29T14:52:26+00:00","breadcrumb":{"@id":"https:\/\/morganelouisgobin.com\/index.php\/conference-visite-de-latelier\/#breadcrumb"},"inLanguage":"fr-FR","potentialAction":[{"@type":"ReadAction","target":["https:\/\/morganelouisgobin.com\/index.php\/conference-visite-de-latelier\/"]}]},{"@type":"BreadcrumbList","@id":"https:\/\/morganelouisgobin.com\/index.php\/conference-visite-de-latelier\/#breadcrumb","itemListElement":[{"@type":"ListItem","position":1,"name":"Accueil","item":"https:\/\/morganelouisgobin.com\/"},{"@type":"ListItem","position":2,"name":"Conf\u00e9rence-visite de l&rsquo;atelier"}]},{"@type":"WebSite","@id":"https:\/\/morganelouisgobin.com\/#website","url":"https:\/\/morganelouisgobin.com\/","name":"Morgane Louis-Gobin","description":"C\u00e9ramiste et formatrice","publisher":{"@id":"https:\/\/morganelouisgobin.com\/#organization"},"potentialAction":[{"@type":"SearchAction","target":{"@type":"EntryPoint","urlTemplate":"https:\/\/morganelouisgobin.com\/?s={search_term_string}"},"query-input":"required name=search_term_string"}],"inLanguage":"fr-FR"},{"@type":"Organization","@id":"https:\/\/morganelouisgobin.com\/#organization","name":"Morgane Louis-Gobin","url":"https:\/\/morganelouisgobin.com\/","logo":{"@type":"ImageObject","inLanguage":"fr-FR","@id":"https:\/\/morganelouisgobin.com\/#\/schema\/logo\/image\/","url":"https:\/\/morganelouisgobin.com\/wp-content\/uploads\/2022\/11\/Morgane_Louis_Gobin_ceramique_poterie_villard_de_lans_vercors_Logo-couleur.png","contentUrl":"https:\/\/morganelouisgobin.com\/wp-content\/uploads\/2022\/11\/Morgane_Louis_Gobin_ceramique_poterie_villard_de_lans_vercors_Logo-couleur.png","width":1499,"height":849,"caption":"Morgane Louis-Gobin"},"image":{"@id":"https:\/\/morganelouisgobin.com\/#\/schema\/logo\/image\/"},"sameAs":["https:\/\/www.facebook.com\/Ceramique.poterie.villarddelans.louisgobin\/","https:\/\/www.facebook.com\/Reglementation.risques.chimiques.ceramique\/","https:\/\/www.instagram.com\/morgane_louisgobin\/","https:\/\/goo.gl\/maps\/sYzACC1Jy9Wyu9MW6"]}]}},"_links":{"self":[{"href":"https:\/\/morganelouisgobin.com\/index.php\/wp-json\/wp\/v2\/pages\/3357","targetHints":{"allow":["GET"]}}],"collection":[{"href":"https:\/\/morganelouisgobin.com\/index.php\/wp-json\/wp\/v2\/pages"}],"about":[{"href":"https:\/\/morganelouisgobin.com\/index.php\/wp-json\/wp\/v2\/types\/page"}],"author":[{"embeddable":true,"href":"https:\/\/morganelouisgobin.com\/index.php\/wp-json\/wp\/v2\/users\/1"}],"replies":[{"embeddable":true,"href":"https:\/\/morganelouisgobin.com\/index.php\/wp-json\/wp\/v2\/comments?post=3357"}],"version-history":[{"count":12,"href":"https:\/\/morganelouisgobin.com\/index.php\/wp-json\/wp\/v2\/pages\/3357\/revisions"}],"predecessor-version":[{"id":3425,"href":"https:\/\/morganelouisgobin.com\/index.php\/wp-json\/wp\/v2\/pages\/3357\/revisions\/3425"}],"wp:attachment":[{"href":"https:\/\/morganelouisgobin.com\/index.php\/wp-json\/wp\/v2\/media?parent=3357"}],"curies":[{"name":"wp","href":"https:\/\/api.w.org\/{rel}","templated":true}]}}