{"id":302,"date":"2022-04-01T14:53:40","date_gmt":"2022-04-01T12:53:40","guid":{"rendered":"https:\/\/morganelouisgobin.com\/?page_id=302"},"modified":"2022-12-21T10:44:33","modified_gmt":"2022-12-21T09:44:33","slug":"conditions-generales-de-vente","status":"publish","type":"page","link":"https:\/\/morganelouisgobin.com\/index.php\/conditions-generales-de-vente\/","title":{"rendered":"Conditions G\u00e9n\u00e9rales de Vente"},"content":{"rendered":"\n<h3 class=\"has-text-align-center wp-block-heading\">C.G.V. i) des formations \u00e0 distance portant sur les r\u00e9glementations encadrant l&rsquo;activit\u00e9 c\u00e9ramique et ii) des stages de modelage de l&rsquo;argile dispens\u00e9s \u00e0 l&rsquo;atelier<\/h3>\n\n\n\n<h5 class=\"wp-block-heading\">1\u00b0 Informations relatives \u00e0 l\u2019entreprise prestataire (art. L111-1 4\u00b0) <\/h5>\n\n\n\n<p>Morgane LOUIS-GOBIN (E.I.). SIRET : 511 978 132 00054. N\u00b0TVA intracommunautaire : FR 33511978132. Franchise en base de TVA. D\u00e9claration d\u2019activit\u00e9 d\u2019organisme de formation enregistr\u00e9e sous le num\u00e9ro 84380803138 aupr\u00e8s du pr\u00e9fet de r\u00e9gion Auvergne-Rh\u00f4ne-Alpes. Adresse : 282 route des Clots 38250 Villard de Lans FRANCE <\/p>\n\n\n\n<h5 class=\"wp-block-heading\">2\u00b0 Caract\u00e9ristiques essentielles de la prestation (art. L111-1 1\u00b0)<\/h5>\n\n\n\n<p class=\"has-text-align-center\"><strong>Prestation formation<\/strong><\/p>\n\n\n\n<p>La prestation est constitu\u00e9e i) d\u2019une part de l\u2019animation en direct \u00e0 distance d\u2019une formation portant sur les r\u00e8glementations sanitaires europ\u00e9ennes et fran\u00e7aises s\u2019appliquant aux activit\u00e9s de production d\u2019articles en c\u00e9ramique ii) d\u2019autre part en la fourniture d\u2019un livret sous format \u00e9lectronique (PDF) contenant l\u2019ensemble des sources d\u2019information r\u00e9glementaires, ainsi que des synth\u00e8ses de contenu et des illustrations. <\/p>\n\n\n\n<p>Le lien de connexion transmis pour acc\u00e9der aux sessions de cours \u00e0 distance n\u2019est PAS TRANSF\u00c9RABLE A UN TIERS. La prestation est vendue unitairement pour 1 PARTICIPANT(E).<\/p>\n\n\n\n<p class=\"has-text-align-center\"><strong><a href=\"https:\/\/morganelouisgobin.com\/index.php\/animations-2022\/\" target=\"_blank\" rel=\"noreferrer noopener\">Prestation stage de modelage<\/a><\/strong><\/p>\n\n\n\n<p>La prestation est d\u00e9livr\u00e9e \u00e0 l&rsquo;atelier situ\u00e9 au 282 route des Clots 38250 Villard de Lans FRANCE. Elle est constitu\u00e9e des produits et services suivants<\/p>\n\n\n\n<p>i) Fourniture des mati\u00e8res premi\u00e8res (p\u00e2tes c\u00e9ramiques, engobes, engobes vitrifiables,&#8230;), du mobilier (tables, si\u00e8ges, \u00e9clairage &#8230;) et des  outils (moules, outils de modelage et de d\u00e9cor, planches, tabliers, chiffons, tournettes, d\u00e9capeur thermique, &#8230;) <\/p>\n\n\n\n<p>ii) Accompagnement personnalis\u00e9 visant la cr\u00e9ation d&rsquo;une ou plusieurs pi\u00e8ce.s personnelle.s par le.la stagiaire<\/p>\n\n\n\n<p>iii) Transmission de connaissances techniques et d\u00e9monstrations \/ illustrations concernant  les techniques de fa\u00e7onnage de l&rsquo;argile par modelage, les outils propos\u00e9s \u00e0 l&rsquo;atelier, les propri\u00e9t\u00e9s des argiles et des mat\u00e9riaux de d\u00e9cor \u00e0 disposition (notamment sur le plan sanitaire), les techniques de d\u00e9cor sur argile cr\u00fbe, les propri\u00e9t\u00e9s physiques de la pi\u00e8ce cuite \u00e0 980\u00b0<\/p>\n\n\n\n<p>iv) Cuisson \u00e0 980\u00b0 de la ou des pi\u00e8ces cr\u00e9\u00e9e.s par le.la stagiaire.<\/p>\n\n\n\n<h5 class=\"wp-block-heading\">3\u00b0 Prix de la prestation (art. L111-1 2\u00b0)<\/h5>\n\n\n\n<p>Le prix de la prestation est communiqu\u00e9 dans les conditions particuli\u00e8res du contrat de vente. Il est exprim\u00e9 hors taxes et TTC. Le taux de TVA appliqu\u00e9e est de 0%. L\u2019entreprise prestataire Morgane LOUIS-GOBIN (E.I.) est exon\u00e9r\u00e9e de d\u00e9claration et de paiement de la TVA en vertu de l\u2019article 293B du code g\u00e9n\u00e9ral des imp\u00f4ts.<\/p>\n\n\n\n<h5 class=\"wp-block-heading\">4\u00b0 Dates d\u2019ex\u00e9cution de la prestation (art. L111-1 3\u00b0)<\/h5>\n\n\n\n<p class=\"has-text-align-center\"><strong><a href=\"https:\/\/morganelouisgobin.com\/index.php\/programme-de-la-formation-reglementation\/\" target=\"_blank\" rel=\"noreferrer noopener\">Prestation formation<\/a><\/strong><\/p>\n\n\n\n<p>Les dates de tenue des sessions de formation sont communiqu\u00e9es dans les conditions particuli\u00e8res du contrat de vente.<\/p>\n\n\n\n<p>Le lien de connexion pour acc\u00e9der au service internet de visioconf\u00e9rence est transmis au Client par le prestataire via un message \u00e9lectronique au plus tard 3 jours ouvr\u00e9s avant la premi\u00e8re session. En cas de non r\u00e9ception pass\u00e9 ce d\u00e9lai, le Client alertera le prestataire par messagerie \u00e9lectronique.<\/p>\n\n\n\n<p>Le livret au format PDF sera transmis au Client par messagerie \u00e9lectronique au plus tard 8 jours ouvr\u00e9s avant la premi\u00e8re session. En cas de non r\u00e9ception pass\u00e9 ce d\u00e9lai, le Client alertera le prestataire par messagerie \u00e9lectronique.<\/p>\n\n\n\n<p class=\"has-text-align-center\"><strong><a href=\"https:\/\/morganelouisgobin.com\/index.php\/animations-2022\/\" target=\"_blank\" rel=\"noreferrer noopener\">Prestation stage de modelage de l&rsquo;argile <\/a><\/strong><\/p>\n\n\n\n<p>La\/les date(s) de tenue du stage sont communiqu\u00e9es dans les conditions particuli\u00e8res du contrat de vente.<\/p>\n\n\n\n<h5 class=\"wp-block-heading\">5\u00b0 Conditions d\u2019ex\u00e9cution de la prestation (art. L111-1 3\u00b0)<\/h5>\n\n\n\n<p class=\"has-text-align-center\"><strong><a href=\"https:\/\/morganelouisgobin.com\/index.php\/programme-de-la-formation-reglementation\/\" target=\"_blank\" rel=\"noreferrer noopener\">Prestation formation<\/a><\/strong><\/p>\n\n\n\n<p>L\u2019utilisation du service d\u2019appel vid\u00e9o par internet est gratuite. L\u2019utilisation est possible sans installation d\u2019application, en passant simplement par un navigateur internet (ex. : Firefox, Chrome). <\/p>\n\n\n\n<p>Les conditions d\u2019acc\u00e8s au service internet sont de la responsabilit\u00e9 du client : utilisation d\u2019un ordinateur (recommand\u00e9) ou d\u2019un t\u00e9l\u00e9phone (moins adapt\u00e9), abonnement \u00e0 un service d\u2019acc\u00e8s \u00e0 internet, utilisation d\u2019une application de navigation sur internet, etc. L\u2019entreprise prestataire ne saurait \u00eatre tenue pour responsable des difficult\u00e9s d\u2019acc\u00e8s rencontr\u00e9es par le Client.<\/p>\n\n\n\n<h5 class=\"wp-block-heading\">6\u00b0 Obligation de paiement<\/h5>\n\n\n\n<p class=\"has-text-align-center\"><strong><a href=\"https:\/\/morganelouisgobin.com\/index.php\/programme-de-la-formation-reglementation\/\" target=\"_blank\" rel=\"noreferrer noopener\">Prestation formation<\/a><\/strong><\/p>\n\n\n\n<p>La commande ferme est conditionn\u00e9e par le paiement au comptant de l\u2019int\u00e9gralit\u00e9 du prix de la prestation.<\/p>\n\n\n\n<p class=\"has-text-align-center\"><strong><a href=\"https:\/\/morganelouisgobin.com\/index.php\/animations-2022\/\" target=\"_blank\" rel=\"noreferrer noopener\">Prestation stage de modelage<\/a><\/strong><\/p>\n\n\n\n<p>La commande ferme est conditionn\u00e9e par le paiement au comptant d&rsquo;un acompte de 50% du prix de la prestation.<\/p>\n\n\n\n<h5 class=\"wp-block-heading\">7\u00b0 Coordonn\u00e9es de paiement<\/h5>\n\n\n\n<p>Le paiement est \u00e0 effecteur<\/p>\n\n\n\n<p>&#8211; soit par virement bancaire sur le compte suivant : Titulaire du compte : Morgane GOBIN ; IBAN : FR76 3006 6100 6100 0109 3220 152 ; BIC : CMCIFRPP<\/p>\n\n\n\n<p>&#8211; soit par transfert Paypal<\/p>\n\n\n\n<p>&#8211; soit par paiement \u00e0 distance s\u00e9curis\u00e9 par carte bancaire <\/p>\n\n\n\n<h5 class=\"wp-block-heading\">8\u00b0 R\u00e9solution<\/h5>\n\n\n\n<p>Si le paiement n\u2019est pas effectif dans les 14 jours calendaires qui suivent l\u2019acceptation du pr\u00e9sent contrat, la vente est r\u00e9solue de plein droit.<\/p>\n\n\n\n<h5 class=\"wp-block-heading\">9\u00b0 Droit de r\u00e9tractation<\/h5>\n\n\n\n<p>Dans le cas des ventes conclues \u00e0 distance, le Client dispose d\u2019un d\u00e9lai de r\u00e9tractation de 14 jours apr\u00e8s conclusion du contrat (L221-18). Cette r\u00e9tractation donne lieu \u00e0 remboursement int\u00e9gral des sommes vers\u00e9es (L221-24). Le remboursement a lieu dans les 14 jours qui suivent la notification de la r\u00e9tractation par le client (L221-24). Le cas \u00e9ch\u00e9ant, le Client informe le prestataire de sa r\u00e9tractation par message \u00e9lectronique  suivant un format libre ou en utilisant le formulaire ci-apr\u00e8s.<\/p>\n\n\n\n<h5 class=\"wp-block-heading\">10\u00b0 Formulaire de r\u00e9tractation<\/h5>\n\n\n\n<p>Compl\u00e9ter et renvoyer le pr\u00e9sent formulaire uniquement si vous souhaitez vous r\u00e9tracter du contrat . A l&rsquo;attention de Morgane LOUIS-GOBIN (E.I.) 282 route des Clots 38250 Villard de Lans. SIRET : 511 978 132 00054.  \u00ab\u00a0Je vous notifie par la pr\u00e9sente ma r\u00e9tractation du contrat portant sur la vente de la prestation de services ci-dessous :_______<em>; Command\u00e9e le<\/em> _______; Nom du \/ de la participant(e) : _______<em> ; Raison sociale du client (si professionnel) :<\/em> _______; Adresse du client : _______ <em>; Signature du client (uniquement en cas de notification du pr\u00e9sent formulaire sur papier) :<\/em> _______ ; Date : _______\u00a0\u00bb<\/p>\n\n\n\n<h5 class=\"wp-block-heading\">11\u00b0 Remboursement du paiement de la prestation<\/h5>\n\n\n\n<p>Au-del\u00e0 du d\u00e9lai de r\u00e9tractation, il ne sera proc\u00e9d\u00e9 \u00e0 aucun remboursement.<\/p>\n\n\n\n<h5 class=\"wp-block-heading\">12\u00b0 Exception \u00e0 l\u2019application du d\u00e9lai de r\u00e9tractation (L221-28)<\/h5>\n\n\n\n<p> Dans le cas o\u00f9 la prestation commence avant la fin du d\u00e9lai de 14 jours, le Client renonce au droit de r\u00e9tractation.<\/p>\n\n\n\n<h5 class=\"wp-block-heading\">13\u00b0 Propri\u00e9t\u00e9 intellectuelle et droit \u00e0 l\u2019image <\/h5>\n\n\n\n<p class=\"has-text-align-center\"><strong><a href=\"https:\/\/morganelouisgobin.com\/index.php\/programme-de-la-formation-reglementation\/\" target=\"_blank\" rel=\"noreferrer noopener\">Prestation formation<\/a><\/strong><\/p>\n\n\n\n<p>Morgane Louis-Gobin est seule titulaire des droits de propri\u00e9t\u00e9 intellectuelle de l\u2019ensemble des formations qu\u2019elle propose \u00e0 ses clients. <\/p>\n\n\n\n<p>A cet effet, l\u2019ensemble des contenus et supports p\u00e9dagogiques quelle qu\u2019en soit la forme (papier, \u00e9lectronique, num\u00e9rique, orale, \u2026) utilis\u00e9s par Morgane Louis-Gobin pour assurer les formations, demeurent la propri\u00e9t\u00e9 exclusive de Morgane Louis-Gobin. <\/p>\n\n\n\n<p>A ce titre ils ne peuvent faire l\u2019objet d\u2019aucune utilisation, transformation, reproduction, exploitation non express\u00e9ment autoris\u00e9e au sein ou \u00e0 l\u2019ext\u00e9rieur du Client sans accord expr\u00e8s de Morgane Louis-Gobin. <\/p>\n\n\n\n<p>En particulier, le Client s\u2019interdit d\u2019utiliser le contenu des formations pour former d\u2019autres personnes et engage sa responsabilit\u00e9 sur le fondement des articles L. 122-4 et L. 335-2 et suivants du code de la propri\u00e9t\u00e9 intellectuelle en cas de cession ou de communication des contenus non autoris\u00e9e. <\/p>\n\n\n\n<p>Filmer, enregistrer les prestations p\u00e9dagogiques objet du pr\u00e9sent contrat, de m\u00eame que diffuser ces films et enregistrements, sans l\u2019autorisation de Morgane LOUIS-GOBIN, engage la responsabilit\u00e9 civile et p\u00e9nale du Client et expose \u00e0 des condamnations \u00e0 ce titre.<\/p>\n\n\n\n<h5 class=\"wp-block-heading\">14\u00b0 Force majeure<\/h5>\n\n\n\n<p>La responsabilit\u00e9 de l\u2019entreprise Morgane LOUIS-GOBIN ne pourra pas \u00eatre mise en \u0153uvre si la non-ex\u00e9cution ou le retard dans l&rsquo;ex\u00e9cution de l&rsquo;une de ses obligations d\u00e9crites dans les pr\u00e9sentes conditions g\u00e9n\u00e9rales de vente d\u00e9coule d&rsquo;un cas de force majeure. \u00c0 ce titre, la force majeure s&rsquo;entend de tout \u00e9v\u00e9nement ext\u00e9rieur, impr\u00e9visible et irr\u00e9sistible au sens de l&rsquo;article 1148 du Code civil.<\/p>\n\n\n\n<h5 class=\"wp-block-heading\">15\u00b0 R\u00e9solution des litiges<\/h5>\n\n\n\n<p>Tout litige relatif \u00e0 l&rsquo;interpr\u00e9tation et \u00e0 l&rsquo;ex\u00e9cution des pr\u00e9sentes conditions de vente est soumis au droit fran\u00e7ais. \u00c0 d\u00e9faut de r\u00e9solution amiable, le litige sera port\u00e9 devant le Tribunal de commerce de Grenoble.<\/p>\n\n\n\n<h5 class=\"wp-block-heading\">16\u00b0 Protection des donn\u00e9es \u00e0 caract\u00e8re personnel des clients particuliers (R\u00e8glement UE 2016\/679)<\/h5>\n\n\n\n<p>Le Client donne son consentement \u00e0 la collecte de ses donn\u00e9es. Les donn\u00e9es \u00e0 caract\u00e8re personnel du Client collect\u00e9es dans le pr\u00e9sent contrat ont uniquement pour vocation de permettre l\u2019ex\u00e9cution de la prestation. La responsable du traitement des donn\u00e9es personnelles du Client est Morgane Louis-Gobin. Sur simple demande du Client, ses donn\u00e9es seront supprim\u00e9es une fois la prestation ex\u00e9cut\u00e9e.  Le Client dispose d\u2019un droit d\u2019acc\u00e8s, d\u2019un droit au retrait de consentement, d\u2019un droit de rectification, de suppression des donn\u00e9es, d\u2019un droit \u00e0 limiter le traitement. En cas de litige il convient de s\u2019adresser \u00e0 la CNIL<\/p>\n\n\n\n<h5 class=\"wp-block-heading\">17\u00b0 Acceptation expresse par le Client des conditions g\u00e9n\u00e9rales de vente<\/h5>\n\n\n\n<p>La validit\u00e9 du contrat est soumise \u00e0 l&rsquo;acceptation des conditions particuli\u00e8res et des conditions g\u00e9n\u00e9rales de vente par le client<\/p>\n","protected":false},"excerpt":{"rendered":"<p>C.G.V. i) des formations \u00e0 distance portant sur les r\u00e9glementations encadrant l&rsquo;activit\u00e9 c\u00e9ramique et ii) des stages de modelage de<span class=\"view-more\"><a href=\"https:\/\/morganelouisgobin.com\/index.php\/conditions-generales-de-vente\/\" class=\"more-link\">Pour lire la suite &#8230;<span class=\"screen-reader-text\">Conditions G\u00e9n\u00e9rales de Vente<\/span><\/a><\/span><\/p>\n","protected":false},"author":1,"featured_media":1735,"parent":0,"menu_order":0,"comment_status":"closed","ping_status":"closed","template":"","meta":{"_ti_tpc_template_sync":false,"_ti_tpc_template_id":"","footnotes":""},"class_list":["post-302","page","type-page","status-publish","has-post-thumbnail","hentry"],"yoast_head":"<!-- This site is optimized with the Yoast SEO plugin v21.9.1 - https:\/\/yoast.com\/wordpress\/plugins\/seo\/ -->\n<title>Conditions G\u00e9n\u00e9rales de Vente - Morgane Louis-Gobin<\/title>\n<meta name=\"description\" content=\"Conditions g\u00e9n\u00e9rales et conditions particuli\u00e8res de vente des prestations : formation &quot;Gestion des risques sanitaires &quot;et &quot;Stages de modelage&quot;\" \/>\n<meta name=\"robots\" content=\"index, follow, max-snippet:-1, max-image-preview:large, max-video-preview:-1\" \/>\n<link rel=\"canonical\" href=\"https:\/\/morganelouisgobin.com\/index.php\/conditions-generales-de-vente\/\" \/>\n<meta property=\"og:locale\" content=\"fr_FR\" \/>\n<meta property=\"og:type\" content=\"article\" \/>\n<meta property=\"og:title\" content=\"Conditions G\u00e9n\u00e9rales de Vente - Morgane Louis-Gobin\" \/>\n<meta property=\"og:description\" content=\"Conditions g\u00e9n\u00e9rales et conditions particuli\u00e8res de vente des prestations : formation &quot;Gestion des risques sanitaires &quot;et &quot;Stages de modelage&quot;\" \/>\n<meta property=\"og:url\" content=\"https:\/\/morganelouisgobin.com\/index.php\/conditions-generales-de-vente\/\" \/>\n<meta property=\"og:site_name\" content=\"Morgane Louis-Gobin\" \/>\n<meta property=\"article:publisher\" content=\"https:\/\/www.facebook.com\/Ceramique.poterie.villarddelans.louisgobin\/\" \/>\n<meta property=\"article:modified_time\" content=\"2022-12-21T09:44:33+00:00\" \/>\n<meta property=\"og:image\" content=\"https:\/\/morganelouisgobin.com\/wp-content\/uploads\/2022\/11\/cropped-Morgane_Louis_Gobin_ceramique_poterie_villard_de_lans_vercors_icone_site.jpg\" \/>\n\t<meta property=\"og:image:width\" content=\"512\" \/>\n\t<meta property=\"og:image:height\" content=\"512\" \/>\n\t<meta property=\"og:image:type\" content=\"image\/jpeg\" \/>\n<meta name=\"twitter:card\" content=\"summary_large_image\" \/>\n<meta name=\"twitter:label1\" content=\"Dur\u00e9e de lecture estim\u00e9e\" \/>\n\t<meta name=\"twitter:data1\" content=\"7 minutes\" \/>\n<script type=\"application\/ld+json\" class=\"yoast-schema-graph\">{\"@context\":\"https:\/\/schema.org\",\"@graph\":[{\"@type\":\"WebPage\",\"@id\":\"https:\/\/morganelouisgobin.com\/index.php\/conditions-generales-de-vente\/\",\"url\":\"https:\/\/morganelouisgobin.com\/index.php\/conditions-generales-de-vente\/\",\"name\":\"Conditions G\u00e9n\u00e9rales de Vente - Morgane Louis-Gobin\",\"isPartOf\":{\"@id\":\"https:\/\/morganelouisgobin.com\/#website\"},\"datePublished\":\"2022-04-01T12:53:40+00:00\",\"dateModified\":\"2022-12-21T09:44:33+00:00\",\"description\":\"Conditions g\u00e9n\u00e9rales et conditions particuli\u00e8res de vente des prestations : formation \\\"Gestion des risques sanitaires \\\"et \\\"Stages de modelage\\\"\",\"breadcrumb\":{\"@id\":\"https:\/\/morganelouisgobin.com\/index.php\/conditions-generales-de-vente\/#breadcrumb\"},\"inLanguage\":\"fr-FR\",\"potentialAction\":[{\"@type\":\"ReadAction\",\"target\":[\"https:\/\/morganelouisgobin.com\/index.php\/conditions-generales-de-vente\/\"]}]},{\"@type\":\"BreadcrumbList\",\"@id\":\"https:\/\/morganelouisgobin.com\/index.php\/conditions-generales-de-vente\/#breadcrumb\",\"itemListElement\":[{\"@type\":\"ListItem\",\"position\":1,\"name\":\"Accueil\",\"item\":\"https:\/\/morganelouisgobin.com\/\"},{\"@type\":\"ListItem\",\"position\":2,\"name\":\"Conditions G\u00e9n\u00e9rales de Vente\"}]},{\"@type\":\"WebSite\",\"@id\":\"https:\/\/morganelouisgobin.com\/#website\",\"url\":\"https:\/\/morganelouisgobin.com\/\",\"name\":\"Morgane Louis-Gobin\",\"description\":\"C\u00e9ramiste et formatrice\",\"publisher\":{\"@id\":\"https:\/\/morganelouisgobin.com\/#organization\"},\"potentialAction\":[{\"@type\":\"SearchAction\",\"target\":{\"@type\":\"EntryPoint\",\"urlTemplate\":\"https:\/\/morganelouisgobin.com\/?s={search_term_string}\"},\"query-input\":\"required name=search_term_string\"}],\"inLanguage\":\"fr-FR\"},{\"@type\":\"Organization\",\"@id\":\"https:\/\/morganelouisgobin.com\/#organization\",\"name\":\"Morgane Louis-Gobin\",\"url\":\"https:\/\/morganelouisgobin.com\/\",\"logo\":{\"@type\":\"ImageObject\",\"inLanguage\":\"fr-FR\",\"@id\":\"https:\/\/morganelouisgobin.com\/#\/schema\/logo\/image\/\",\"url\":\"https:\/\/morganelouisgobin.com\/wp-content\/uploads\/2022\/11\/Morgane_Louis_Gobin_ceramique_poterie_villard_de_lans_vercors_Logo-couleur.png\",\"contentUrl\":\"https:\/\/morganelouisgobin.com\/wp-content\/uploads\/2022\/11\/Morgane_Louis_Gobin_ceramique_poterie_villard_de_lans_vercors_Logo-couleur.png\",\"width\":1499,\"height\":849,\"caption\":\"Morgane Louis-Gobin\"},\"image\":{\"@id\":\"https:\/\/morganelouisgobin.com\/#\/schema\/logo\/image\/\"},\"sameAs\":[\"https:\/\/www.facebook.com\/Ceramique.poterie.villarddelans.louisgobin\/\",\"https:\/\/www.facebook.com\/Reglementation.risques.chimiques.ceramique\/\",\"https:\/\/www.instagram.com\/morgane_louisgobin\/\",\"https:\/\/goo.gl\/maps\/sYzACC1Jy9Wyu9MW6\"]}]}<\/script>\n<!-- \/ Yoast SEO plugin. -->","yoast_head_json":{"title":"Conditions G\u00e9n\u00e9rales de Vente - Morgane Louis-Gobin","description":"Conditions g\u00e9n\u00e9rales et conditions particuli\u00e8res de vente des prestations : formation \"Gestion des risques sanitaires \"et \"Stages de modelage\"","robots":{"index":"index","follow":"follow","max-snippet":"max-snippet:-1","max-image-preview":"max-image-preview:large","max-video-preview":"max-video-preview:-1"},"canonical":"https:\/\/morganelouisgobin.com\/index.php\/conditions-generales-de-vente\/","og_locale":"fr_FR","og_type":"article","og_title":"Conditions G\u00e9n\u00e9rales de Vente - Morgane Louis-Gobin","og_description":"Conditions g\u00e9n\u00e9rales et conditions particuli\u00e8res de vente des prestations : formation \"Gestion des risques sanitaires \"et \"Stages de modelage\"","og_url":"https:\/\/morganelouisgobin.com\/index.php\/conditions-generales-de-vente\/","og_site_name":"Morgane Louis-Gobin","article_publisher":"https:\/\/www.facebook.com\/Ceramique.poterie.villarddelans.louisgobin\/","article_modified_time":"2022-12-21T09:44:33+00:00","og_image":[{"width":512,"height":512,"url":"https:\/\/morganelouisgobin.com\/wp-content\/uploads\/2022\/11\/cropped-Morgane_Louis_Gobin_ceramique_poterie_villard_de_lans_vercors_icone_site.jpg","type":"image\/jpeg"}],"twitter_card":"summary_large_image","twitter_misc":{"Dur\u00e9e de lecture estim\u00e9e":"7 minutes"},"schema":{"@context":"https:\/\/schema.org","@graph":[{"@type":"WebPage","@id":"https:\/\/morganelouisgobin.com\/index.php\/conditions-generales-de-vente\/","url":"https:\/\/morganelouisgobin.com\/index.php\/conditions-generales-de-vente\/","name":"Conditions G\u00e9n\u00e9rales de Vente - Morgane Louis-Gobin","isPartOf":{"@id":"https:\/\/morganelouisgobin.com\/#website"},"datePublished":"2022-04-01T12:53:40+00:00","dateModified":"2022-12-21T09:44:33+00:00","description":"Conditions g\u00e9n\u00e9rales et conditions particuli\u00e8res de vente des prestations : formation \"Gestion des risques sanitaires \"et \"Stages de modelage\"","breadcrumb":{"@id":"https:\/\/morganelouisgobin.com\/index.php\/conditions-generales-de-vente\/#breadcrumb"},"inLanguage":"fr-FR","potentialAction":[{"@type":"ReadAction","target":["https:\/\/morganelouisgobin.com\/index.php\/conditions-generales-de-vente\/"]}]},{"@type":"BreadcrumbList","@id":"https:\/\/morganelouisgobin.com\/index.php\/conditions-generales-de-vente\/#breadcrumb","itemListElement":[{"@type":"ListItem","position":1,"name":"Accueil","item":"https:\/\/morganelouisgobin.com\/"},{"@type":"ListItem","position":2,"name":"Conditions G\u00e9n\u00e9rales de Vente"}]},{"@type":"WebSite","@id":"https:\/\/morganelouisgobin.com\/#website","url":"https:\/\/morganelouisgobin.com\/","name":"Morgane Louis-Gobin","description":"C\u00e9ramiste et formatrice","publisher":{"@id":"https:\/\/morganelouisgobin.com\/#organization"},"potentialAction":[{"@type":"SearchAction","target":{"@type":"EntryPoint","urlTemplate":"https:\/\/morganelouisgobin.com\/?s={search_term_string}"},"query-input":"required name=search_term_string"}],"inLanguage":"fr-FR"},{"@type":"Organization","@id":"https:\/\/morganelouisgobin.com\/#organization","name":"Morgane Louis-Gobin","url":"https:\/\/morganelouisgobin.com\/","logo":{"@type":"ImageObject","inLanguage":"fr-FR","@id":"https:\/\/morganelouisgobin.com\/#\/schema\/logo\/image\/","url":"https:\/\/morganelouisgobin.com\/wp-content\/uploads\/2022\/11\/Morgane_Louis_Gobin_ceramique_poterie_villard_de_lans_vercors_Logo-couleur.png","contentUrl":"https:\/\/morganelouisgobin.com\/wp-content\/uploads\/2022\/11\/Morgane_Louis_Gobin_ceramique_poterie_villard_de_lans_vercors_Logo-couleur.png","width":1499,"height":849,"caption":"Morgane Louis-Gobin"},"image":{"@id":"https:\/\/morganelouisgobin.com\/#\/schema\/logo\/image\/"},"sameAs":["https:\/\/www.facebook.com\/Ceramique.poterie.villarddelans.louisgobin\/","https:\/\/www.facebook.com\/Reglementation.risques.chimiques.ceramique\/","https:\/\/www.instagram.com\/morgane_louisgobin\/","https:\/\/goo.gl\/maps\/sYzACC1Jy9Wyu9MW6"]}]}},"_links":{"self":[{"href":"https:\/\/morganelouisgobin.com\/index.php\/wp-json\/wp\/v2\/pages\/302","targetHints":{"allow":["GET"]}}],"collection":[{"href":"https:\/\/morganelouisgobin.com\/index.php\/wp-json\/wp\/v2\/pages"}],"about":[{"href":"https:\/\/morganelouisgobin.com\/index.php\/wp-json\/wp\/v2\/types\/page"}],"author":[{"embeddable":true,"href":"https:\/\/morganelouisgobin.com\/index.php\/wp-json\/wp\/v2\/users\/1"}],"replies":[{"embeddable":true,"href":"https:\/\/morganelouisgobin.com\/index.php\/wp-json\/wp\/v2\/comments?post=302"}],"version-history":[{"count":22,"href":"https:\/\/morganelouisgobin.com\/index.php\/wp-json\/wp\/v2\/pages\/302\/revisions"}],"predecessor-version":[{"id":2318,"href":"https:\/\/morganelouisgobin.com\/index.php\/wp-json\/wp\/v2\/pages\/302\/revisions\/2318"}],"wp:featuredmedia":[{"embeddable":true,"href":"https:\/\/morganelouisgobin.com\/index.php\/wp-json\/wp\/v2\/media\/1735"}],"wp:attachment":[{"href":"https:\/\/morganelouisgobin.com\/index.php\/wp-json\/wp\/v2\/media?parent=302"}],"curies":[{"name":"wp","href":"https:\/\/api.w.org\/{rel}","templated":true}]}}